{"id":181,"date":"2023-10-21T21:39:47","date_gmt":"2023-10-22T04:39:47","guid":{"rendered":"https:\/\/waltznsuch.org\/?page_id=181"},"modified":"2026-04-29T11:23:55","modified_gmt":"2026-04-29T18:23:55","slug":"special-events","status":"publish","type":"page","link":"https:\/\/waltznsuch.org\/index.php\/special-events\/","title":{"rendered":"Special Events"},"content":{"rendered":"\t\t<div data-elementor-type=\"wp-page\" data-elementor-id=\"181\" class=\"elementor elementor-181\" data-elementor-post-type=\"page\">\n\t\t\t\t<div class=\"elementor-element elementor-element-073351b e-con-full e-flex e-con e-parent\" data-id=\"073351b\" data-element_type=\"container\" data-e-type=\"container\">\n\t\t\t\t<div class=\"elementor-element elementor-element-38bd33c elementor-widget-tablet__width-initial elementor-widget-mobile__width-initial elementor-widget__width-initial elementor-widget elementor-widget-text-editor\" data-id=\"38bd33c\" data-element_type=\"widget\" data-e-type=\"widget\" data-widget_type=\"text-editor.default\">\n\t\t\t\t<div class=\"elementor-widget-container\">\n\t\t\t\t\t\t\t\t\t<p><em>To protect the vulnerable, <\/em><em>we strongly encourage up-to-date vaccinations. We also provide free KN95 masks to all our attendees who wish to wear one. If you\u2019re sick, please stay home and get healthy! <\/em><\/p>\t\t\t\t\t\t\t\t<\/div>\n\t\t\t\t<\/div>\n\t\t\t\t<\/div>\n\t\t<div class=\"elementor-element elementor-element-5a072e5 e-flex e-con-boxed e-con e-parent\" data-id=\"5a072e5\" data-element_type=\"container\" data-e-type=\"container\">\n\t\t\t\t\t<div class=\"e-con-inner\">\n\t\t<div class=\"elementor-element elementor-element-c3d7cf1 e-con-full e-flex e-con e-child\" data-id=\"c3d7cf1\" data-element_type=\"container\" data-e-type=\"container\">\n\t\t\t\t<div class=\"elementor-element elementor-element-b978917 elementor-widget-divider--view-line elementor-widget elementor-widget-divider\" data-id=\"b978917\" data-element_type=\"widget\" data-e-type=\"widget\" data-widget_type=\"divider.default\">\n\t\t\t\t<div class=\"elementor-widget-container\">\n\t\t\t\t\t\t\t<div class=\"elementor-divider\">\n\t\t\t<span class=\"elementor-divider-separator\">\n\t\t\t\t\t\t<\/span>\n\t\t<\/div>\n\t\t\t\t\t\t<\/div>\n\t\t\t\t<\/div>\n\t\t\t\t<div class=\"elementor-element elementor-element-4fac064 elementor-widget elementor-widget-image\" data-id=\"4fac064\" data-element_type=\"widget\" data-e-type=\"widget\" data-widget_type=\"image.default\">\n\t\t\t\t<div class=\"elementor-widget-container\">\n\t\t\t\t\t\t\t\t\t\t\t\t\t\t\t<img fetchpriority=\"high\" decoding=\"async\" width=\"768\" height=\"456\" src=\"https:\/\/waltznsuch.org\/wp-content\/uploads\/2026\/04\/Duvo-5.17.Code_-768x456.jpg\" class=\"attachment-medium_large size-medium_large wp-image-2995\" alt=\"\" srcset=\"https:\/\/waltznsuch.org\/wp-content\/uploads\/2026\/04\/Duvo-5.17.Code_-768x456.jpg 768w, https:\/\/waltznsuch.org\/wp-content\/uploads\/2026\/04\/Duvo-5.17.Code_-300x178.jpg 300w, https:\/\/waltznsuch.org\/wp-content\/uploads\/2026\/04\/Duvo-5.17.Code_-1024x607.jpg 1024w, https:\/\/waltznsuch.org\/wp-content\/uploads\/2026\/04\/Duvo-5.17.Code_-1536x911.jpg 1536w, https:\/\/waltznsuch.org\/wp-content\/uploads\/2026\/04\/Duvo-5.17.Code_.jpg 1895w\" sizes=\"(max-width: 768px) 100vw, 768px\" \/>\t\t\t\t\t\t\t\t\t\t\t\t\t\t\t<\/div>\n\t\t\t\t<\/div>\n\t\t\t\t<div class=\"elementor-element elementor-element-9e296ab elementor-widget elementor-widget-text-editor\" data-id=\"9e296ab\" data-element_type=\"widget\" data-e-type=\"widget\" data-widget_type=\"text-editor.default\">\n\t\t\t\t<div class=\"elementor-widget-container\">\n\t\t\t\t\t\t\t\t\t<h3 class=\"xdj266r x14z9mp xat24cr x1lziwak x1vvkbs\"><strong><em>\u2764\ufe0e \u00a0Hungarian music and dance aficionados rejoice! \u00a0\u2764\ufe0e<\/em><\/strong><\/h3><p class=\"xdj266r x14z9mp xat24cr x1lziwak x1vvkbs\"><strong>D\u00c9NES &amp; SZABOLCS<\/strong> <strong>HR\u00daZ<\/strong> of the renowned <strong>D\u0170V\u0150<\/strong> band<\/p><p class=\"xdj266r x14z9mp xat24cr x1lziwak x1vvkbs\">return to San Diego for an afternoon T\u00e1nch\u00e1z (dance party) \u2014<\/p><p class=\"xdj266r x14z9mp xat24cr x1lziwak x1vvkbs\">with citera artist, <strong>KRISZTI\u00c1N D\u00d6M\u00c9NY<\/strong>.<\/p><p class=\"x14z9mp xat24cr x1lziwak x1vvkbs xtlvy1s\">Non-dancers, music lovers, families, and dancers of all skill levels are welcome!<\/p><p class=\"x14z9mp xat24cr x1lziwak x1vvkbs xtlvy1s\">Partners not required.\u00a0<\/p><p class=\"x14z9mp xat24cr x1lziwak x1vvkbs xtlvy1s\"><strong>TICKETS<\/strong>: <br class=\"html-br\" \/>$20 early bird; <strong><em>please use QR code in photo.<\/em><\/strong><br class=\"html-br\" \/>$25 at door<br class=\"html-br\" \/><strong><em>Children &lt;18: FREE!<\/em><\/strong><br class=\"html-br\" \/>\u2b95 Entry includes refreshments and dance instruction. \u2b05\ufe0e<\/p><h5 class=\"x14z9mp xat24cr x1lziwak x1vvkbs xtlvy1s\">Hosted by the IDASDC&#8217;s Folk Dance clubs, with logistic support from the House of Hungary and the San Diego T\u00e1nch\u00e1z community.<\/h5>\t\t\t\t\t\t\t\t<\/div>\n\t\t\t\t<\/div>\n\t\t\t\t<div class=\"elementor-element elementor-element-47e7ec2 elementor-widget elementor-widget-image\" data-id=\"47e7ec2\" data-element_type=\"widget\" data-e-type=\"widget\" data-widget_type=\"image.default\">\n\t\t\t\t<div class=\"elementor-widget-container\">\n\t\t\t\t\t\t\t\t\t\t\t\t\t\t\t<img decoding=\"async\" src=\"https:\/\/waltznsuch.org\/wp-content\/uploads\/elementor\/thumbs\/HUdance@BPC-rmqd92wb94ih6sorfr3hn1s0qc451lu34hm22nxo5w.jpg\" title=\"HUdance@BPC\" alt=\"HUdance@BPC\" loading=\"lazy\" \/>\t\t\t\t\t\t\t\t\t\t\t\t\t\t\t<\/div>\n\t\t\t\t<\/div>\n\t\t\t\t<div class=\"elementor-element elementor-element-2c00bee elementor-widget elementor-widget-text-editor\" data-id=\"2c00bee\" data-element_type=\"widget\" data-e-type=\"widget\" data-widget_type=\"text-editor.default\">\n\t\t\t\t<div class=\"elementor-widget-container\">\n\t\t\t\t\t\t\t\t\t<div><b><span style=\"font-family: HelveticaNeue;\">FREE Hungarian Dance Lessons<\/span><\/b><\/div><div><span class=\"html-span xdj266r x14z9mp xat24cr x1lziwak xexx8yu xyri2b x18d9i69 x1c1uobl x1hl2dhg x16tdsg8 x1vvkbs\"><strong class=\"html-strong xdj266r x14z9mp xat24cr x1lziwak xexx8yu xyri2b x18d9i69 x1c1uobl x1hl2dhg x16tdsg8 x1vvkbs x1s688f\"><em class=\"html-em xdj266r x14z9mp xat24cr x1lziwak xexx8yu xyri2b x18d9i69 x1c1uobl x1hl2dhg x16tdsg8 x1vvkbs\"><span style=\"color: #ff2600;\">Mondays, leading up to the May 17 event<\/span><\/em><\/strong><\/span><\/div><div><strong>7:30-9:30 pm at the Balboa Park Club<\/strong><\/div><div>\u2014 FREE PARKING AFTER 6:00 PM \u2014<\/div><div>This series will include a mix of line and partner dances \u2014 but partners aren&#8217;t required.<\/div><div>We&#8217;ll rotate often. <span class=\"html-span xdj266r x14z9mp xat24cr x1lziwak xexx8yu xyri2b x18d9i69 x1c1uobl x1hl2dhg x16tdsg8 x1vvkbs\"><em class=\"html-em xdj266r x14z9mp xat24cr x1lziwak xexx8yu xyri2b x18d9i69 x1c1uobl x1hl2dhg x16tdsg8 x1vvkbs\">Bring your friends!<\/em><\/span><\/div>\t\t\t\t\t\t\t\t<\/div>\n\t\t\t\t<\/div>\n\t\t\t\t<div class=\"elementor-element elementor-element-831a5cd elementor-widget-divider--view-line elementor-widget elementor-widget-divider\" data-id=\"831a5cd\" data-element_type=\"widget\" data-e-type=\"widget\" data-widget_type=\"divider.default\">\n\t\t\t\t<div class=\"elementor-widget-container\">\n\t\t\t\t\t\t\t<div class=\"elementor-divider\">\n\t\t\t<span class=\"elementor-divider-separator\">\n\t\t\t\t\t\t<\/span>\n\t\t<\/div>\n\t\t\t\t\t\t<\/div>\n\t\t\t\t<\/div>\n\t\t\t\t<div class=\"elementor-element elementor-element-7ccad2c elementor-widget elementor-widget-text-editor\" data-id=\"7ccad2c\" data-element_type=\"widget\" data-e-type=\"widget\" data-widget_type=\"text-editor.default\">\n\t\t\t\t<div class=\"elementor-widget-container\">\n\t\t\t\t\t\t\t\t\t<p>Balboa Park Club<\/p>\t\t\t\t\t\t\t\t<\/div>\n\t\t\t\t<\/div>\n\t\t\t\t<div class=\"elementor-element elementor-element-04bf477 elementor-widget elementor-widget-google_maps\" data-id=\"04bf477\" data-element_type=\"widget\" data-e-type=\"widget\" data-widget_type=\"google_maps.default\">\n\t\t\t\t<div class=\"elementor-widget-container\">\n\t\t\t\t\t\t\t<div class=\"elementor-custom-embed\">\n\t\t\t<iframe loading=\"lazy\"\n\t\t\t\t\tsrc=\"https:\/\/maps.google.com\/maps?q=2150%20Pan%20American%20Rd%20W%2092101&#038;t=m&#038;z=17&#038;output=embed&#038;iwloc=near\"\n\t\t\t\t\ttitle=\"2150 Pan American Rd W 92101\"\n\t\t\t\t\taria-label=\"2150 Pan American Rd W 92101\"\n\t\t\t><\/iframe>\n\t\t<\/div>\n\t\t\t\t\t\t<\/div>\n\t\t\t\t<\/div>\n\t\t\t\t<\/div>\n\t\t\t\t\t<\/div>\n\t\t\t\t<\/div>\n\t\t<div class=\"elementor-element elementor-element-c49b680 e-flex e-con-boxed e-con e-parent\" data-id=\"c49b680\" data-element_type=\"container\" data-e-type=\"container\">\n\t\t\t\t\t<div class=\"e-con-inner\">\n\t\t<div class=\"elementor-element elementor-element-016fcee e-con-full e-flex e-con e-child\" data-id=\"016fcee\" data-element_type=\"container\" data-e-type=\"container\">\n\t\t\t\t<div class=\"elementor-element elementor-element-b96e42d elementor-widget-divider--view-line elementor-widget elementor-widget-divider\" data-id=\"b96e42d\" data-element_type=\"widget\" data-e-type=\"widget\" data-widget_type=\"divider.default\">\n\t\t\t\t<div class=\"elementor-widget-container\">\n\t\t\t\t\t\t\t<div class=\"elementor-divider\">\n\t\t\t<span class=\"elementor-divider-separator\">\n\t\t\t\t\t\t<\/span>\n\t\t<\/div>\n\t\t\t\t\t\t<\/div>\n\t\t\t\t<\/div>\n\t\t\t\t<div class=\"elementor-element elementor-element-b59265c elementor-widget elementor-widget-text-editor\" data-id=\"b59265c\" data-element_type=\"widget\" data-e-type=\"widget\" data-widget_type=\"text-editor.default\">\n\t\t\t\t<div class=\"elementor-widget-container\">\n\t\t\t\t\t\t\t\t\t<p>War Memorial Building<\/p>\t\t\t\t\t\t\t\t<\/div>\n\t\t\t\t<\/div>\n\t\t\t\t<div class=\"elementor-element elementor-element-3ba1864 elementor-widget elementor-widget-google_maps\" data-id=\"3ba1864\" data-element_type=\"widget\" data-e-type=\"widget\" data-widget_type=\"google_maps.default\">\n\t\t\t\t<div class=\"elementor-widget-container\">\n\t\t\t\t\t\t\t<div class=\"elementor-custom-embed\">\n\t\t\t<iframe loading=\"lazy\"\n\t\t\t\t\tsrc=\"https:\/\/maps.google.com\/maps?q=3325%20Park%20Blvd%2092101&#038;t=m&#038;z=17&#038;output=embed&#038;iwloc=near\"\n\t\t\t\t\ttitle=\"3325 Park Blvd 92101\"\n\t\t\t\t\taria-label=\"3325 Park Blvd 92101\"\n\t\t\t><\/iframe>\n\t\t<\/div>\n\t\t\t\t\t\t<\/div>\n\t\t\t\t<\/div>\n\t\t\t\t<\/div>\n\t\t\t\t\t<\/div>\n\t\t\t\t<\/div>\n\t\t<div class=\"elementor-element elementor-element-5d34714 e-flex e-con-boxed e-con e-parent\" data-id=\"5d34714\" data-element_type=\"container\" data-e-type=\"container\">\n\t\t\t\t\t<div class=\"e-con-inner\">\n\t\t<div class=\"elementor-element elementor-element-8892ee3 e-con-full e-flex e-con e-child\" data-id=\"8892ee3\" data-element_type=\"container\" data-e-type=\"container\">\n\t\t\t\t<div class=\"elementor-element elementor-element-8a6953c elementor-widget-divider--view-line elementor-widget elementor-widget-divider\" data-id=\"8a6953c\" data-element_type=\"widget\" data-e-type=\"widget\" data-widget_type=\"divider.default\">\n\t\t\t\t<div class=\"elementor-widget-container\">\n\t\t\t\t\t\t\t<div class=\"elementor-divider\">\n\t\t\t<span class=\"elementor-divider-separator\">\n\t\t\t\t\t\t<\/span>\n\t\t<\/div>\n\t\t\t\t\t\t<\/div>\n\t\t\t\t<\/div>\n\t\t\t\t<\/div>\n\t\t\t\t\t<\/div>\n\t\t\t\t<\/div>\n\t\t<div class=\"elementor-element elementor-element-a623689 e-flex e-con-boxed e-con e-parent\" data-id=\"a623689\" data-element_type=\"container\" data-e-type=\"container\">\n\t\t\t\t\t<div class=\"e-con-inner\">\n\t\t\t\t<div class=\"elementor-element elementor-element-f7d0d5b elementor-widget elementor-widget-text-editor\" data-id=\"f7d0d5b\" data-element_type=\"widget\" data-e-type=\"widget\" data-widget_type=\"text-editor.default\">\n\t\t\t\t<div class=\"elementor-widget-container\">\n\t\t\t\t\t\t\t\t\t<p>Past Events<\/p>\t\t\t\t\t\t\t\t<\/div>\n\t\t\t\t<\/div>\n\t\t\t\t\t<\/div>\n\t\t\t\t<\/div>\n\t\t<div class=\"elementor-element elementor-element-22a2412 e-flex e-con-boxed e-con e-parent\" data-id=\"22a2412\" data-element_type=\"container\" data-e-type=\"container\">\n\t\t\t\t\t<div class=\"e-con-inner\">\n\t\t\t\t<div class=\"elementor-element elementor-element-9afdbf9 elementor-widget elementor-widget-image\" data-id=\"9afdbf9\" data-element_type=\"widget\" data-e-type=\"widget\" data-widget_type=\"image.default\">\n\t\t\t\t<div class=\"elementor-widget-container\">\n\t\t\t\t\t\t\t\t\t\t\t\t\t\t\t<img decoding=\"async\" width=\"2560\" height=\"838\" src=\"https:\/\/waltznsuch.org\/wp-content\/uploads\/2026\/02\/VBallGroup-1-scaled.jpg\" class=\"attachment-full size-full wp-image-2788\" alt=\"\" srcset=\"https:\/\/waltznsuch.org\/wp-content\/uploads\/2026\/02\/VBallGroup-1-scaled.jpg 2560w, https:\/\/waltznsuch.org\/wp-content\/uploads\/2026\/02\/VBallGroup-1-300x98.jpg 300w, https:\/\/waltznsuch.org\/wp-content\/uploads\/2026\/02\/VBallGroup-1-1024x335.jpg 1024w, https:\/\/waltznsuch.org\/wp-content\/uploads\/2026\/02\/VBallGroup-1-768x251.jpg 768w, https:\/\/waltznsuch.org\/wp-content\/uploads\/2026\/02\/VBallGroup-1-1536x503.jpg 1536w, https:\/\/waltznsuch.org\/wp-content\/uploads\/2026\/02\/VBallGroup-1-2048x670.jpg 2048w\" sizes=\"(max-width: 2560px) 100vw, 2560px\" \/>\t\t\t\t\t\t\t\t\t\t\t\t\t\t\t<\/div>\n\t\t\t\t<\/div>\n\t\t\t\t\t<\/div>\n\t\t\t\t<\/div>\n\t\t<div class=\"elementor-element elementor-element-71bdcf0 e-flex e-con-boxed e-con e-parent\" data-id=\"71bdcf0\" data-element_type=\"container\" data-e-type=\"container\">\n\t\t\t\t\t<div class=\"e-con-inner\">\n\t\t\t\t<div class=\"elementor-element elementor-element-d24520e elementor-widget elementor-widget-image\" data-id=\"d24520e\" data-element_type=\"widget\" data-e-type=\"widget\" data-widget_type=\"image.default\">\n\t\t\t\t<div class=\"elementor-widget-container\">\n\t\t\t\t\t\t\t\t\t\t\t\t\t\t\t<img decoding=\"async\" width=\"2560\" height=\"1701\" src=\"https:\/\/waltznsuch.org\/wp-content\/uploads\/2024\/11\/EEWgroup2024-scaled.jpg\" class=\"attachment-full size-full wp-image-1634\" alt=\"\" srcset=\"https:\/\/waltznsuch.org\/wp-content\/uploads\/2024\/11\/EEWgroup2024-scaled.jpg 2560w, https:\/\/waltznsuch.org\/wp-content\/uploads\/2024\/11\/EEWgroup2024-300x199.jpg 300w, https:\/\/waltznsuch.org\/wp-content\/uploads\/2024\/11\/EEWgroup2024-1024x680.jpg 1024w, https:\/\/waltznsuch.org\/wp-content\/uploads\/2024\/11\/EEWgroup2024-768x510.jpg 768w, https:\/\/waltznsuch.org\/wp-content\/uploads\/2024\/11\/EEWgroup2024-1536x1020.jpg 1536w, https:\/\/waltznsuch.org\/wp-content\/uploads\/2024\/11\/EEWgroup2024-2048x1361.jpg 2048w\" sizes=\"(max-width: 2560px) 100vw, 2560px\" \/>\t\t\t\t\t\t\t\t\t\t\t\t\t\t\t<\/div>\n\t\t\t\t<\/div>\n\t\t\t\t\t<\/div>\n\t\t\t\t<\/div>\n\t\t\t\t<\/div>\n\t\t","protected":false},"excerpt":{"rendered":"<p>To protect the vulnerable, we strongly encourage up-to-date vaccinations. We also provide free KN95 masks to all our attendees who wish to wear one. If you\u2019re sick, please stay home and get healthy! \u2764\ufe0e \u00a0Hungarian music and dance aficionados rejoice! \u00a0\u2764\ufe0e D\u00c9NES &amp; SZABOLCS HR\u00daZ of the renowned D\u0170V\u0150 band return to San Diego for [&hellip;]<\/p>\n","protected":false},"author":1,"featured_media":0,"parent":0,"menu_order":0,"comment_status":"closed","ping_status":"closed","template":"","meta":{"inline_featured_image":false,"footnotes":""},"class_list":["post-181","page","type-page","status-publish","hentry"],"_links":{"self":[{"href":"https:\/\/waltznsuch.org\/index.php\/wp-json\/wp\/v2\/pages\/181","targetHints":{"allow":["GET"]}}],"collection":[{"href":"https:\/\/waltznsuch.org\/index.php\/wp-json\/wp\/v2\/pages"}],"about":[{"href":"https:\/\/waltznsuch.org\/index.php\/wp-json\/wp\/v2\/types\/page"}],"author":[{"embeddable":true,"href":"https:\/\/waltznsuch.org\/index.php\/wp-json\/wp\/v2\/users\/1"}],"replies":[{"embeddable":true,"href":"https:\/\/waltznsuch.org\/index.php\/wp-json\/wp\/v2\/comments?post=181"}],"version-history":[{"count":1063,"href":"https:\/\/waltznsuch.org\/index.php\/wp-json\/wp\/v2\/pages\/181\/revisions"}],"predecessor-version":[{"id":3018,"href":"https:\/\/waltznsuch.org\/index.php\/wp-json\/wp\/v2\/pages\/181\/revisions\/3018"}],"wp:attachment":[{"href":"https:\/\/waltznsuch.org\/index.php\/wp-json\/wp\/v2\/media?parent=181"}],"curies":[{"name":"wp","href":"https:\/\/api.w.org\/{rel}","templated":true}]}}